{"id":384,"date":"2020-01-03T12:01:06","date_gmt":"2020-01-03T12:01:06","guid":{"rendered":"http:\/\/myoptimalchild.com\/?page_id=384"},"modified":"2022-07-30T15:21:56","modified_gmt":"2022-07-30T15:21:56","slug":"parent-support","status":"publish","type":"page","link":"https:\/\/myoptimalchild.com\/es\/parent-support\/","title":{"rendered":"Parent Support"},"content":{"rendered":"<div data-elementor-type=\"wp-page\" data-elementor-id=\"384\" class=\"elementor elementor-384\" data-elementor-post-type=\"page\">\n\t\t\t\t\t\t<section class=\"elementor-section elementor-top-section elementor-element elementor-element-1f0c5ff9 elementor-section-content-middle elementor-section-boxed elementor-section-height-default elementor-section-height-default\" data-id=\"1f0c5ff9\" data-element_type=\"section\" data-settings=\"{&quot;background_background&quot;:&quot;classic&quot;}\">\n\t\t\t\t\t\t\t<div class=\"elementor-background-overlay\"><\/div>\n\t\t\t\t\t\t\t<div class=\"elementor-container elementor-column-gap-no\">\n\t\t\t\t\t<div class=\"elementor-column elementor-col-100 elementor-top-column elementor-element elementor-element-5b8240aa\" data-id=\"5b8240aa\" data-element_type=\"column\">\n\t\t\t<div class=\"elementor-widget-wrap elementor-element-populated\">\n\t\t\t\t\t\t<div class=\"elementor-element elementor-element-1de1d972 elementor-widget elementor-widget-heading\" data-id=\"1de1d972\" data-element_type=\"widget\" data-widget_type=\"heading.default\">\n\t\t\t\t<div class=\"elementor-widget-container\">\n\t\t\t\t\t<h4 class=\"elementor-heading-title elementor-size-default\">APOYO DE LOS PADRES<\/h4>\t\t\t\t<\/div>\n\t\t\t\t<\/div>\n\t\t\t\t<div class=\"elementor-element elementor-element-d973682 elementor-widget elementor-widget-text-editor\" data-id=\"d973682\" data-element_type=\"widget\" data-widget_type=\"text-editor.default\">\n\t\t\t\t<div class=\"elementor-widget-container\">\n\t\t\t\t\t\t\t\t\t<p>\"para familias con ni\u00f1os que necesitan \"ayuda adicional para el aprendizaje\"<\/p>\t\t\t\t\t\t\t\t<\/div>\n\t\t\t\t<\/div>\n\t\t\t\t\t<\/div>\n\t\t<\/div>\n\t\t\t\t\t<\/div>\n\t\t<\/section>\n\t\t\t\t<section class=\"elementor-section elementor-top-section elementor-element elementor-element-cf5e6c2 elementor-section-boxed elementor-section-height-default elementor-section-height-default\" data-id=\"cf5e6c2\" data-element_type=\"section\" data-settings=\"{&quot;background_background&quot;:&quot;classic&quot;}\">\n\t\t\t\t\t\t<div class=\"elementor-container elementor-column-gap-default\">\n\t\t\t\t\t<div class=\"elementor-column elementor-col-100 elementor-top-column elementor-element elementor-element-c47e864\" data-id=\"c47e864\" data-element_type=\"column\">\n\t\t\t<div class=\"elementor-widget-wrap elementor-element-populated\">\n\t\t\t\t\t\t<div class=\"elementor-element elementor-element-2d83e18 elementor-widget elementor-widget-text-editor\" data-id=\"2d83e18\" data-element_type=\"widget\" data-widget_type=\"text-editor.default\">\n\t\t\t\t<div class=\"elementor-widget-container\">\n\t\t\t\t\t\t\t\t\t<p>Todos sabemos que la crianza de los hijos puede ser dif\u00edcil. Ahora agregue a su vida un ni\u00f1o que necesita apoyo adicional.<\/p><p>Puede terminar exhausto, abrumado y con el coraz\u00f3n roto.<\/p><p>\u00a1No estas solo!<\/p><p><em>Podemos ayudarlo a comprender lo que est\u00e1 sucediendo con su hijo, hacer un plan y asesorarlo para implementarlo, para que su hijo vuelva a encarrilarse.<\/em><\/p>\t\t\t\t\t\t\t\t<\/div>\n\t\t\t\t<\/div>\n\t\t\t\t\t<\/div>\n\t\t<\/div>\n\t\t\t\t\t<\/div>\n\t\t<\/section>\n\t\t\t\t<section class=\"elementor-section elementor-top-section elementor-element elementor-element-450e419 elementor-section-boxed elementor-section-height-default elementor-section-height-default\" data-id=\"450e419\" data-element_type=\"section\">\n\t\t\t\t\t\t<div class=\"elementor-container elementor-column-gap-no\">\n\t\t\t\t\t<div class=\"elementor-column elementor-col-100 elementor-top-column elementor-element elementor-element-1c55976\" data-id=\"1c55976\" data-element_type=\"column\">\n\t\t\t<div class=\"elementor-widget-wrap elementor-element-populated\">\n\t\t\t\t\t\t<div class=\"elementor-element elementor-element-73216f9 elementor-widget elementor-widget-heading\" data-id=\"73216f9\" data-element_type=\"widget\" data-widget_type=\"heading.default\">\n\t\t\t\t<div class=\"elementor-widget-container\">\n\t\t\t\t\t<h4 class=\"elementor-heading-title elementor-size-default\">SESI\u00d3N DE ESTRATEGIA PERSONALIZADA O SESI\u00d3N DE CONSULTA:<\/h4>\t\t\t\t<\/div>\n\t\t\t\t<\/div>\n\t\t\t\t<div class=\"elementor-element elementor-element-e0f3438 elementor-icon-list--layout-traditional elementor-list-item-link-full_width elementor-widget elementor-widget-icon-list\" data-id=\"e0f3438\" data-element_type=\"widget\" data-widget_type=\"icon-list.default\">\n\t\t\t\t<div class=\"elementor-widget-container\">\n\t\t\t\t\t\t\t<ul class=\"elementor-icon-list-items\">\n\t\t\t\t\t\t\t<li class=\"elementor-icon-list-item\">\n\t\t\t\t\t\t\t\t\t\t\t<span class=\"elementor-icon-list-icon\">\n\t\t\t\t\t\t\t<i aria-hidden=\"true\" class=\"fas fa-check\"><\/i>\t\t\t\t\t\t<\/span>\n\t\t\t\t\t\t\t\t\t\t<span class=\"elementor-icon-list-text\">Si necesita una sesi\u00f3n privada para discutir las necesidades de aprendizaje de su hijo y terminar con un plan individualizado para su hijo, la sesi\u00f3n de estrategia es la mejor opci\u00f3n.<\/span>\n\t\t\t\t\t\t\t\t\t<\/li>\n\t\t\t\t\t\t\t\t<li class=\"elementor-icon-list-item\">\n\t\t\t\t\t\t\t\t\t\t\t<span class=\"elementor-icon-list-icon\">\n\t\t\t\t\t\t\t<i aria-hidden=\"true\" class=\"fas fa-check\"><\/i>\t\t\t\t\t\t<\/span>\n\t\t\t\t\t\t\t\t\t\t<span class=\"elementor-icon-list-text\">Si necesita una sesi\u00f3n privada para comprender mejor el diagn\u00f3stico de su hijo, revisar los tratamientos m\u00e1s innovadores disponibles en todo el mundo o tiene dudas sobre c\u00f3mo ayudar como padre a su hijo a aprender lo mejor posible, una sesi\u00f3n de consulta es la mejor opci\u00f3n. Mejor opci\u00f3n.<\/span>\n\t\t\t\t\t\t\t\t\t<\/li>\n\t\t\t\t\t\t<\/ul>\n\t\t\t\t\t\t<\/div>\n\t\t\t\t<\/div>\n\t\t\t\t<div class=\"elementor-element elementor-element-896adad elementor-align-right elementor-widget elementor-widget-button\" data-id=\"896adad\" data-element_type=\"widget\" data-widget_type=\"button.default\">\n\t\t\t\t<div class=\"elementor-widget-container\">\n\t\t\t\t\t\t\t\t\t<div class=\"elementor-button-wrapper\">\n\t\t\t\t\t<a class=\"elementor-button elementor-button-link elementor-size-sm\" href=\"https:\/\/myoptimalchild.com\/es\/1592-2\/\">\n\t\t\t\t\t\t<span class=\"elementor-button-content-wrapper\">\n\t\t\t\t\t\t\t\t\t<span class=\"elementor-button-text\">Reservar ahora<\/span>\n\t\t\t\t\t<\/span>\n\t\t\t\t\t<\/a>\n\t\t\t\t<\/div>\n\t\t\t\t\t\t\t\t<\/div>\n\t\t\t\t<\/div>\n\t\t\t\t\t<\/div>\n\t\t<\/div>\n\t\t\t\t\t<\/div>\n\t\t<\/section>\n\t\t\t\t<section class=\"elementor-section elementor-top-section elementor-element elementor-element-618bd57 elementor-section-boxed elementor-section-height-default elementor-section-height-default\" data-id=\"618bd57\" data-element_type=\"section\" data-settings=\"{&quot;background_background&quot;:&quot;classic&quot;}\">\n\t\t\t\t\t\t<div class=\"elementor-container elementor-column-gap-default\">\n\t\t\t\t\t<div class=\"elementor-column elementor-col-100 elementor-top-column elementor-element elementor-element-d6462f0\" data-id=\"d6462f0\" data-element_type=\"column\">\n\t\t\t<div class=\"elementor-widget-wrap elementor-element-populated\">\n\t\t\t\t\t\t<div class=\"elementor-element elementor-element-bd742d2 elementor-widget elementor-widget-heading\" data-id=\"bd742d2\" data-element_type=\"widget\" data-widget_type=\"heading.default\">\n\t\t\t\t<div class=\"elementor-widget-container\">\n\t\t\t\t\t<h2 class=\"elementor-heading-title elementor-size-default\">REUNI\u00d3N DE APOYO A LA DEFENSA:<\/h2>\t\t\t\t<\/div>\n\t\t\t\t<\/div>\n\t\t\t\t<div class=\"elementor-element elementor-element-f14a437 elementor-icon-list--layout-traditional elementor-list-item-link-full_width elementor-widget elementor-widget-icon-list\" data-id=\"f14a437\" data-element_type=\"widget\" data-widget_type=\"icon-list.default\">\n\t\t\t\t<div class=\"elementor-widget-container\">\n\t\t\t\t\t\t\t<ul class=\"elementor-icon-list-items\">\n\t\t\t\t\t\t\t<li class=\"elementor-icon-list-item\">\n\t\t\t\t\t\t\t\t\t\t\t<span class=\"elementor-icon-list-icon\">\n\t\t\t\t\t\t\t<i aria-hidden=\"true\" class=\"fas fa-check\"><\/i>\t\t\t\t\t\t<\/span>\n\t\t\t\t\t\t\t\t\t\t<span class=\"elementor-icon-list-text\">\u00bfNecesita un experto que lo gu\u00ede para aprovechar al m\u00e1ximo el Plan 504 o la reuni\u00f3n del IEP en la escuela de su hijo?<\/span>\n\t\t\t\t\t\t\t\t\t<\/li>\n\t\t\t\t\t\t\t\t<li class=\"elementor-icon-list-item\">\n\t\t\t\t\t\t\t\t\t\t\t<span class=\"elementor-icon-list-icon\">\n\t\t\t\t\t\t\t<i aria-hidden=\"true\" class=\"fas fa-check\"><\/i>\t\t\t\t\t\t<\/span>\n\t\t\t\t\t\t\t\t\t\t<span class=\"elementor-icon-list-text\">\u00bfQuiere que un experto le ayude en la reuni\u00f3n para asegurarse de que su hijo obtenga todo lo que necesita?<\/span>\n\t\t\t\t\t\t\t\t\t<\/li>\n\t\t\t\t\t\t<\/ul>\n\t\t\t\t\t\t<\/div>\n\t\t\t\t<\/div>\n\t\t\t\t<div class=\"elementor-element elementor-element-ae760a2 elementor-align-right elementor-widget elementor-widget-button\" data-id=\"ae760a2\" data-element_type=\"widget\" data-widget_type=\"button.default\">\n\t\t\t\t<div class=\"elementor-widget-container\">\n\t\t\t\t\t\t\t\t\t<div class=\"elementor-button-wrapper\">\n\t\t\t\t\t<a class=\"elementor-button elementor-button-link elementor-size-sm\" href=\"https:\/\/myoptimalchild.com\/es\/1592-2\/\">\n\t\t\t\t\t\t<span class=\"elementor-button-content-wrapper\">\n\t\t\t\t\t\t\t\t\t<span class=\"elementor-button-text\">Reservar ahora<\/span>\n\t\t\t\t\t<\/span>\n\t\t\t\t\t<\/a>\n\t\t\t\t<\/div>\n\t\t\t\t\t\t\t\t<\/div>\n\t\t\t\t<\/div>\n\t\t\t\t\t<\/div>\n\t\t<\/div>\n\t\t\t\t\t<\/div>\n\t\t<\/section>\n\t\t\t\t<section class=\"elementor-section elementor-top-section elementor-element elementor-element-8da425c elementor-section-boxed elementor-section-height-default elementor-section-height-default\" data-id=\"8da425c\" data-element_type=\"section\" data-settings=\"{&quot;background_background&quot;:&quot;classic&quot;}\">\n\t\t\t\t\t\t<div class=\"elementor-container elementor-column-gap-default\">\n\t\t\t\t\t<div class=\"elementor-column elementor-col-100 elementor-top-column elementor-element elementor-element-d575a79\" data-id=\"d575a79\" data-element_type=\"column\">\n\t\t\t<div class=\"elementor-widget-wrap elementor-element-populated\">\n\t\t\t\t\t\t<div class=\"elementor-element elementor-element-2f6512a elementor-widget elementor-widget-heading\" data-id=\"2f6512a\" data-element_type=\"widget\" data-widget_type=\"heading.default\">\n\t\t\t\t<div class=\"elementor-widget-container\">\n\t\t\t\t\t<h2 class=\"elementor-heading-title elementor-size-default\">APOYO PARA PADRES EN L\u00cdNEA:<\/h2>\t\t\t\t<\/div>\n\t\t\t\t<\/div>\n\t\t\t\t<div class=\"elementor-element elementor-element-74ff1e1 elementor-icon-list--layout-traditional elementor-list-item-link-full_width elementor-widget elementor-widget-icon-list\" data-id=\"74ff1e1\" data-element_type=\"widget\" data-widget_type=\"icon-list.default\">\n\t\t\t\t<div class=\"elementor-widget-container\">\n\t\t\t\t\t\t\t<ul class=\"elementor-icon-list-items\">\n\t\t\t\t\t\t\t<li class=\"elementor-icon-list-item\">\n\t\t\t\t\t\t\t\t\t\t\t<span class=\"elementor-icon-list-icon\">\n\t\t\t\t\t\t\t<i aria-hidden=\"true\" class=\"fas fa-check\"><\/i>\t\t\t\t\t\t<\/span>\n\t\t\t\t\t\t\t\t\t\t<span class=\"elementor-icon-list-text\">\u00bfQuieres que todas tus dudas sean respondidas de inmediato?<\/span>\n\t\t\t\t\t\t\t\t\t<\/li>\n\t\t\t\t\t\t\t\t<li class=\"elementor-icon-list-item\">\n\t\t\t\t\t\t\t\t\t\t\t<span class=\"elementor-icon-list-icon\">\n\t\t\t\t\t\t\t<i aria-hidden=\"true\" class=\"fas fa-check\"><\/i>\t\t\t\t\t\t<\/span>\n\t\t\t\t\t\t\t\t\t\t<span class=\"elementor-icon-list-text\">\u00bfQuieres conectarte con padres de ideas afines y comprobar qu\u00e9 funciona para ellos?<\/span>\n\t\t\t\t\t\t\t\t\t<\/li>\n\t\t\t\t\t\t\t\t<li class=\"elementor-icon-list-item\">\n\t\t\t\t\t\t\t\t\t\t\t<span class=\"elementor-icon-list-icon\">\n\t\t\t\t\t\t\t<i aria-hidden=\"true\" class=\"fas fa-check\"><\/i>\t\t\t\t\t\t<\/span>\n\t\t\t\t\t\t\t\t\t\t<span class=\"elementor-icon-list-text\">\u00a0\u00bfQuiz\u00e1s una sesi\u00f3n individual es demasiado cara para ti ahora?<\/span>\n\t\t\t\t\t\t\t\t\t<\/li>\n\t\t\t\t\t\t<\/ul>\n\t\t\t\t\t\t<\/div>\n\t\t\t\t<\/div>\n\t\t\t\t<div class=\"elementor-element elementor-element-742d788 elementor-align-right elementor-widget elementor-widget-button\" data-id=\"742d788\" data-element_type=\"widget\" data-widget_type=\"button.default\">\n\t\t\t\t<div class=\"elementor-widget-container\">\n\t\t\t\t\t\t\t\t\t<div class=\"elementor-button-wrapper\">\n\t\t\t\t\t<a class=\"elementor-button elementor-button-link elementor-size-sm\" href=\"https:\/\/myoptimalchild.com\/es\/1592-2\/\">\n\t\t\t\t\t\t<span class=\"elementor-button-content-wrapper\">\n\t\t\t\t\t\t\t\t\t<span class=\"elementor-button-text\">Unete ahora<\/span>\n\t\t\t\t\t<\/span>\n\t\t\t\t\t<\/a>\n\t\t\t\t<\/div>\n\t\t\t\t\t\t\t\t<\/div>\n\t\t\t\t<\/div>\n\t\t\t\t\t<\/div>\n\t\t<\/div>\n\t\t\t\t\t<\/div>\n\t\t<\/section>\n\t\t\t\t<\/div>","protected":false},"excerpt":{"rendered":"<p>PARENTAL support for families with kids who need \u201cextra learning help\u201d We all know parenting can be hard. Now add to your life a child who needs additional support. You may end up exhausted, overwhelmed, and heartbroken. You are not alone! We can help you understand what is going on with your child, make a [&hellip;]<\/p>","protected":false},"author":1,"featured_media":0,"parent":0,"menu_order":0,"comment_status":"closed","ping_status":"closed","template":"elementor_header_footer","meta":{"footnotes":""},"class_list":["post-384","page","type-page","status-publish","hentry"],"yoast_head":"<!-- This site is optimized with the Yoast SEO plugin v26.9 - https:\/\/yoast.com\/product\/yoast-seo-wordpress\/ -->\n<title>Parental support for families with children with learning challenges.<\/title>\n<meta name=\"description\" content=\"We offer private sessions, workshops, webinars and online courses for parents with children with learning challenges. Keywords: parenting, special education, school accommodations, 504 Plan, IEP, online parent course, learning support.\" \/>\n<meta name=\"robots\" content=\"index, follow, max-snippet:-1, max-image-preview:large, max-video-preview:-1\" \/>\n<link rel=\"canonical\" href=\"https:\/\/myoptimalchild.com\/es\/parent-support\/\" \/>\n<meta property=\"og:locale\" content=\"es_ES\" \/>\n<meta property=\"og:type\" content=\"article\" \/>\n<meta property=\"og:title\" content=\"Parental support for families with children with learning challenges.\" \/>\n<meta property=\"og:description\" content=\"We offer private sessions, workshops, webinars and online courses for parents with children with learning challenges. Keywords: parenting, special education, school accommodations, 504 Plan, IEP, online parent course, learning support.\" \/>\n<meta property=\"og:url\" content=\"https:\/\/myoptimalchild.com\/es\/parent-support\/\" \/>\n<meta property=\"og:site_name\" content=\"My Optimal Child\" \/>\n<meta property=\"article:modified_time\" content=\"2022-07-30T15:21:56+00:00\" \/>\n<meta name=\"twitter:card\" content=\"summary_large_image\" \/>\n<meta name=\"twitter:label1\" content=\"Tiempo de lectura\" \/>\n\t<meta name=\"twitter:data1\" content=\"1 minuto\" \/>\n<script type=\"application\/ld+json\" class=\"yoast-schema-graph\">{\"@context\":\"https:\/\/schema.org\",\"@graph\":[{\"@type\":\"WebPage\",\"@id\":\"https:\/\/myoptimalchild.com\/parent-support\/\",\"url\":\"https:\/\/myoptimalchild.com\/parent-support\/\",\"name\":\"Parental support for families with children with learning challenges.\",\"isPartOf\":{\"@id\":\"https:\/\/myoptimalchild.com\/en\/#website\"},\"datePublished\":\"2020-01-03T12:01:06+00:00\",\"dateModified\":\"2022-07-30T15:21:56+00:00\",\"description\":\"We offer private sessions, workshops, webinars and online courses for parents with children with learning challenges. Keywords: parenting, special education, school accommodations, 504 Plan, IEP, online parent course, learning support.\",\"breadcrumb\":{\"@id\":\"https:\/\/myoptimalchild.com\/parent-support\/#breadcrumb\"},\"inLanguage\":\"es\",\"potentialAction\":[{\"@type\":\"ReadAction\",\"target\":[\"https:\/\/myoptimalchild.com\/parent-support\/\"]}]},{\"@type\":\"BreadcrumbList\",\"@id\":\"https:\/\/myoptimalchild.com\/parent-support\/#breadcrumb\",\"itemListElement\":[{\"@type\":\"ListItem\",\"position\":1,\"name\":\"Home\",\"item\":\"https:\/\/myoptimalchild.com\/en\/\"},{\"@type\":\"ListItem\",\"position\":2,\"name\":\"Parent Support\"}]},{\"@type\":\"WebSite\",\"@id\":\"https:\/\/myoptimalchild.com\/en\/#website\",\"url\":\"https:\/\/myoptimalchild.com\/en\/\",\"name\":\"My Optimal Child\",\"description\":\"we help children with diverse learning profiles to optimize their learning\",\"publisher\":{\"@id\":\"https:\/\/myoptimalchild.com\/en\/#\/schema\/person\/b4ea1d2ce623d93b0eb4f863bafba08a\"},\"potentialAction\":[{\"@type\":\"SearchAction\",\"target\":{\"@type\":\"EntryPoint\",\"urlTemplate\":\"https:\/\/myoptimalchild.com\/en\/?s={search_term_string}\"},\"query-input\":{\"@type\":\"PropertyValueSpecification\",\"valueRequired\":true,\"valueName\":\"search_term_string\"}}],\"inLanguage\":\"es\"},{\"@type\":[\"Person\",\"Organization\"],\"@id\":\"https:\/\/myoptimalchild.com\/en\/#\/schema\/person\/b4ea1d2ce623d93b0eb4f863bafba08a\",\"name\":\"valfontanals\",\"image\":{\"@type\":\"ImageObject\",\"inLanguage\":\"es\",\"@id\":\"https:\/\/myoptimalchild.com\/en\/#\/schema\/person\/image\/\",\"url\":\"https:\/\/myoptimalchild.com\/wp-content\/uploads\/2020\/08\/Valeria-1.png\",\"contentUrl\":\"https:\/\/myoptimalchild.com\/wp-content\/uploads\/2020\/08\/Valeria-1.png\",\"width\":328,\"height\":393,\"caption\":\"valfontanals\"},\"logo\":{\"@id\":\"https:\/\/myoptimalchild.com\/en\/#\/schema\/person\/image\/\"}}]}<\/script>\n<!-- \/ Yoast SEO plugin. -->","yoast_head_json":{"title":"Parental support for families with children with learning challenges.","description":"We offer private sessions, workshops, webinars and online courses for parents with children with learning challenges. Keywords: parenting, special education, school accommodations, 504 Plan, IEP, online parent course, learning support.","robots":{"index":"index","follow":"follow","max-snippet":"max-snippet:-1","max-image-preview":"max-image-preview:large","max-video-preview":"max-video-preview:-1"},"canonical":"https:\/\/myoptimalchild.com\/es\/parent-support\/","og_locale":"es_ES","og_type":"article","og_title":"Parental support for families with children with learning challenges.","og_description":"We offer private sessions, workshops, webinars and online courses for parents with children with learning challenges. Keywords: parenting, special education, school accommodations, 504 Plan, IEP, online parent course, learning support.","og_url":"https:\/\/myoptimalchild.com\/es\/parent-support\/","og_site_name":"My Optimal Child","article_modified_time":"2022-07-30T15:21:56+00:00","twitter_card":"summary_large_image","twitter_misc":{"Tiempo de lectura":"1 minuto"},"schema":{"@context":"https:\/\/schema.org","@graph":[{"@type":"WebPage","@id":"https:\/\/myoptimalchild.com\/parent-support\/","url":"https:\/\/myoptimalchild.com\/parent-support\/","name":"Parental support for families with children with learning challenges.","isPartOf":{"@id":"https:\/\/myoptimalchild.com\/en\/#website"},"datePublished":"2020-01-03T12:01:06+00:00","dateModified":"2022-07-30T15:21:56+00:00","description":"We offer private sessions, workshops, webinars and online courses for parents with children with learning challenges. Keywords: parenting, special education, school accommodations, 504 Plan, IEP, online parent course, learning support.","breadcrumb":{"@id":"https:\/\/myoptimalchild.com\/parent-support\/#breadcrumb"},"inLanguage":"es","potentialAction":[{"@type":"ReadAction","target":["https:\/\/myoptimalchild.com\/parent-support\/"]}]},{"@type":"BreadcrumbList","@id":"https:\/\/myoptimalchild.com\/parent-support\/#breadcrumb","itemListElement":[{"@type":"ListItem","position":1,"name":"Home","item":"https:\/\/myoptimalchild.com\/en\/"},{"@type":"ListItem","position":2,"name":"Parent Support"}]},{"@type":"WebSite","@id":"https:\/\/myoptimalchild.com\/en\/#website","url":"https:\/\/myoptimalchild.com\/en\/","name":"My Optimal Child","description":"we help children with diverse learning profiles to optimize their learning","publisher":{"@id":"https:\/\/myoptimalchild.com\/en\/#\/schema\/person\/b4ea1d2ce623d93b0eb4f863bafba08a"},"potentialAction":[{"@type":"SearchAction","target":{"@type":"EntryPoint","urlTemplate":"https:\/\/myoptimalchild.com\/en\/?s={search_term_string}"},"query-input":{"@type":"PropertyValueSpecification","valueRequired":true,"valueName":"search_term_string"}}],"inLanguage":"es"},{"@type":["Person","Organization"],"@id":"https:\/\/myoptimalchild.com\/en\/#\/schema\/person\/b4ea1d2ce623d93b0eb4f863bafba08a","name":"valfontanals","image":{"@type":"ImageObject","inLanguage":"es","@id":"https:\/\/myoptimalchild.com\/en\/#\/schema\/person\/image\/","url":"https:\/\/myoptimalchild.com\/wp-content\/uploads\/2020\/08\/Valeria-1.png","contentUrl":"https:\/\/myoptimalchild.com\/wp-content\/uploads\/2020\/08\/Valeria-1.png","width":328,"height":393,"caption":"valfontanals"},"logo":{"@id":"https:\/\/myoptimalchild.com\/en\/#\/schema\/person\/image\/"}}]}},"_links":{"self":[{"href":"https:\/\/myoptimalchild.com\/es\/wp-json\/wp\/v2\/pages\/384","targetHints":{"allow":["GET"]}}],"collection":[{"href":"https:\/\/myoptimalchild.com\/es\/wp-json\/wp\/v2\/pages"}],"about":[{"href":"https:\/\/myoptimalchild.com\/es\/wp-json\/wp\/v2\/types\/page"}],"author":[{"embeddable":true,"href":"https:\/\/myoptimalchild.com\/es\/wp-json\/wp\/v2\/users\/1"}],"replies":[{"embeddable":true,"href":"https:\/\/myoptimalchild.com\/es\/wp-json\/wp\/v2\/comments?post=384"}],"version-history":[{"count":5,"href":"https:\/\/myoptimalchild.com\/es\/wp-json\/wp\/v2\/pages\/384\/revisions"}],"predecessor-version":[{"id":2307,"href":"https:\/\/myoptimalchild.com\/es\/wp-json\/wp\/v2\/pages\/384\/revisions\/2307"}],"wp:attachment":[{"href":"https:\/\/myoptimalchild.com\/es\/wp-json\/wp\/v2\/media?parent=384"}],"curies":[{"name":"wp","href":"https:\/\/api.w.org\/{rel}","templated":true}]}}