{"id":19,"date":"2019-12-07T13:21:13","date_gmt":"2019-12-07T13:21:13","guid":{"rendered":"http:\/\/myoptimalchild.com\/?page_id=19"},"modified":"2022-08-25T19:20:50","modified_gmt":"2022-08-25T19:20:50","slug":"valeria-fontanals-2","status":"publish","type":"page","link":"https:\/\/myoptimalchild.com\/es\/valeria-fontanals-2\/","title":{"rendered":"FUNDADOR"},"content":{"rendered":"<div data-elementor-type=\"wp-page\" data-elementor-id=\"19\" class=\"elementor elementor-19\" data-elementor-post-type=\"page\">\n\t\t\t\t\t\t<section class=\"elementor-section elementor-top-section elementor-element elementor-element-3af5a7e8 elementor-section-content-middle elementor-section-boxed elementor-section-height-default elementor-section-height-default\" data-id=\"3af5a7e8\" data-element_type=\"section\" data-settings=\"{&quot;background_background&quot;:&quot;classic&quot;}\">\n\t\t\t\t\t\t<div class=\"elementor-container elementor-column-gap-no\">\n\t\t\t\t\t<div class=\"elementor-column elementor-col-100 elementor-top-column elementor-element elementor-element-43f5abfa\" data-id=\"43f5abfa\" data-element_type=\"column\">\n\t\t\t<div class=\"elementor-widget-wrap elementor-element-populated\">\n\t\t\t\t\t\t<div class=\"elementor-element elementor-element-2b30b54e elementor-widget elementor-widget-heading\" data-id=\"2b30b54e\" data-element_type=\"widget\" data-widget_type=\"heading.default\">\n\t\t\t\t<div class=\"elementor-widget-container\">\n\t\t\t\t\t<h4 class=\"elementor-heading-title elementor-size-default\">Fundador<\/h4>\t\t\t\t<\/div>\n\t\t\t\t<\/div>\n\t\t\t\t\t<\/div>\n\t\t<\/div>\n\t\t\t\t\t<\/div>\n\t\t<\/section>\n\t\t\t\t<section class=\"elementor-section elementor-top-section elementor-element elementor-element-44f3a812 elementor-section-content-middle elementor-section-boxed elementor-section-height-default elementor-section-height-default\" data-id=\"44f3a812\" data-element_type=\"section\">\n\t\t\t\t\t\t<div class=\"elementor-container elementor-column-gap-no\">\n\t\t\t\t\t<div class=\"elementor-column elementor-col-50 elementor-top-column elementor-element elementor-element-70d27053\" data-id=\"70d27053\" data-element_type=\"column\">\n\t\t\t<div class=\"elementor-widget-wrap elementor-element-populated\">\n\t\t\t\t\t\t<div class=\"elementor-element elementor-element-2dea19e8 elementor-widget elementor-widget-image\" data-id=\"2dea19e8\" data-element_type=\"widget\" data-widget_type=\"image.default\">\n\t\t\t\t<div class=\"elementor-widget-container\">\n\t\t\t\t\t\t\t\t\t\t\t\t\t\t\t<img fetchpriority=\"high\" decoding=\"async\" width=\"283\" height=\"484\" src=\"https:\/\/myoptimalchild.com\/wp-content\/uploads\/2020\/02\/founder.jpg\" class=\"attachment-medium_large size-medium_large wp-image-627\" alt=\"\" srcset=\"https:\/\/myoptimalchild.com\/wp-content\/uploads\/2020\/02\/founder.jpg 283w, https:\/\/myoptimalchild.com\/wp-content\/uploads\/2020\/02\/founder-175x300.jpg 175w\" sizes=\"(max-width: 283px) 100vw, 283px\" \/>\t\t\t\t\t\t\t\t\t\t\t\t\t\t\t<\/div>\n\t\t\t\t<\/div>\n\t\t\t\t\t<\/div>\n\t\t<\/div>\n\t\t\t\t<div class=\"elementor-column elementor-col-50 elementor-top-column elementor-element elementor-element-67ba4b6b\" data-id=\"67ba4b6b\" data-element_type=\"column\">\n\t\t\t<div class=\"elementor-widget-wrap elementor-element-populated\">\n\t\t\t\t\t\t<div class=\"elementor-element elementor-element-35108b4e elementor-widget elementor-widget-text-editor\" data-id=\"35108b4e\" data-element_type=\"widget\" data-widget_type=\"text-editor.default\">\n\t\t\t\t<div class=\"elementor-widget-container\">\n\t\t\t\t\t\t\t\t\t<p>Hola, soy <span style=\"color: #f36f3a;\"><strong>Valeria Fontanals<\/strong> <\/span>una psic\u00f3loga escolar licenciada y educada en Harvard, experta en aprendizaje galardonada. En los \u00faltimos 20 a\u00f1os de mi experiencia cl\u00ednica, he estado ayudando a los ni\u00f1os a optimizar su aprendizaje, a convertirse en la mejor versi\u00f3n de s\u00ed mismos y a tener \u00e9xito en la escuela y en la vida.<\/p><p>Con un enfoque integral y de ni\u00f1o, estoy especializado en doble excepcionalidad, trastornos del aprendizaje, TDAH y superdotaci\u00f3n, y trabajo tanto con ni\u00f1os como con sus familias.<\/p><p>He proporcionado cientos de evaluaciones psicoeducativas (en ingl\u00e9s y espa\u00f1ol), orientaci\u00f3n a familias de diversas culturas y or\u00edgenes, terapia educativa para ni\u00f1os con diferentes perfiles de aprendizaje y capacitaci\u00f3n a numerosos terapeutas y psic\u00f3logos educativos para asegurar que cada ni\u00f1o reciba el mejor tratamiento. .<\/p><p>Como emprendedor, cre\u00e9 varias start-ups, como cofundador y fundador principal, que van desde consultora educativa y editorial basada en la Teor\u00eda de Inteligencias M\u00faltiples hasta un centro psicoeducativo que brinda evaluaci\u00f3n y tratamiento a ni\u00f1os con trastornos del aprendizaje, una red de profesionales de la salud mental para optimizar su trabajo y una empresa psicoeducativa dedicada a promover un desarrollo \u00f3ptimo en los ni\u00f1os.<\/p><p>\u00a0<\/p>\t\t\t\t\t\t\t\t<\/div>\n\t\t\t\t<\/div>\n\t\t\t\t\t<\/div>\n\t\t<\/div>\n\t\t\t\t\t<\/div>\n\t\t<\/section>\n\t\t\t\t<section class=\"elementor-section elementor-top-section elementor-element elementor-element-33698ff elementor-section-boxed elementor-section-height-default elementor-section-height-default\" data-id=\"33698ff\" data-element_type=\"section\">\n\t\t\t\t\t\t<div class=\"elementor-container elementor-column-gap-default\">\n\t\t\t\t\t<div class=\"elementor-column elementor-col-50 elementor-top-column elementor-element elementor-element-54458cf\" data-id=\"54458cf\" data-element_type=\"column\">\n\t\t\t<div class=\"elementor-widget-wrap elementor-element-populated\">\n\t\t\t\t\t\t<div class=\"elementor-element elementor-element-78585fa elementor-widget elementor-widget-text-editor\" data-id=\"78585fa\" data-element_type=\"widget\" data-widget_type=\"text-editor.default\">\n\t\t\t\t<div class=\"elementor-widget-container\">\n\t\t\t\t\t\t\t\t\t<p>Ahora, en My Optimal Child, reun\u00ed todos mis recursos y experiencias para ofrecer una versi\u00f3n mejorada que funcione en el sitio y en l\u00ednea con padres, ni\u00f1os, maestros y profesionales de la salud mental.<\/p>\n<p>Actualmente soy profesora adjunta de la Facultad de Florida International University y consultora del programa de televisi\u00f3n \u201cRealidades en Contexto\u201d de CNN Espa\u00f1ol.<\/p>\n<p>I was born and raised in Argentina.&nbsp;I have studied and worked in a wide range of diverse&nbsp;cultures and places such as&nbsp;South America, China, and the United States. I am currently living in the sunny city of Miami, Florida, US, with my sweet and curious daughter, amazing husband, and playful dog.<\/p>\n<p><em>&#8220;I am passionate to give my best to your children, and have the chance one more time to see a happy and proud child say I CAN DO IT! &#8220;<\/em><\/p>\t\t\t\t\t\t\t\t<\/div>\n\t\t\t\t<\/div>\n\t\t\t\t<div class=\"elementor-element elementor-element-65bf259 elementor-widget elementor-widget-spacer\" data-id=\"65bf259\" data-element_type=\"widget\" data-widget_type=\"spacer.default\">\n\t\t\t\t<div class=\"elementor-widget-container\">\n\t\t\t\t\t\t\t<div class=\"elementor-spacer\">\n\t\t\t<div class=\"elementor-spacer-inner\"><\/div>\n\t\t<\/div>\n\t\t\t\t\t\t<\/div>\n\t\t\t\t<\/div>\n\t\t\t\t<div class=\"elementor-element elementor-element-de140b8 elementor-widget elementor-widget-heading\" data-id=\"de140b8\" data-element_type=\"widget\" data-widget_type=\"heading.default\">\n\t\t\t\t<div class=\"elementor-widget-container\">\n\t\t\t\t\t<h2 class=\"elementor-heading-title elementor-size-default\">STUDIES AND LICENSES<\/h2>\t\t\t\t<\/div>\n\t\t\t\t<\/div>\n\t\t\t\t<div class=\"elementor-element elementor-element-4549385 elementor-icon-list--layout-traditional elementor-list-item-link-full_width elementor-widget elementor-widget-icon-list\" data-id=\"4549385\" data-element_type=\"widget\" data-widget_type=\"icon-list.default\">\n\t\t\t\t<div class=\"elementor-widget-container\">\n\t\t\t\t\t\t\t<ul class=\"elementor-icon-list-items\">\n\t\t\t\t\t\t\t<li class=\"elementor-icon-list-item\">\n\t\t\t\t\t\t\t\t\t\t\t<span class=\"elementor-icon-list-icon\">\n\t\t\t\t\t\t\t<i aria-hidden=\"true\" class=\"fas fa-check\"><\/i>\t\t\t\t\t\t<\/span>\n\t\t\t\t\t\t\t\t\t\t<span class=\"elementor-icon-list-text\">Psic\u00f3logo escolar con licencia en Florida, SS1140<\/span>\n\t\t\t\t\t\t\t\t\t<\/li>\n\t\t\t\t\t\t\t\t<li class=\"elementor-icon-list-item\">\n\t\t\t\t\t\t\t\t\t\t\t<span class=\"elementor-icon-list-icon\">\n\t\t\t\t\t\t\t<i aria-hidden=\"true\" class=\"fas fa-check\"><\/i>\t\t\t\t\t\t<\/span>\n\t\t\t\t\t\t\t\t\t\t<span class=\"elementor-icon-list-text\">Maestr\u00eda en Educaci\u00f3n, Harvard Graduate School of Education<\/span>\n\t\t\t\t\t\t\t\t\t<\/li>\n\t\t\t\t\t\t\t\t<li class=\"elementor-icon-list-item\">\n\t\t\t\t\t\t\t\t\t\t\t<span class=\"elementor-icon-list-icon\">\n\t\t\t\t\t\t\t<i aria-hidden=\"true\" class=\"fas fa-check\"><\/i>\t\t\t\t\t\t<\/span>\n\t\t\t\t\t\t\t\t\t\t<span class=\"elementor-icon-list-text\">Psic\u00f3loga Educativa, Universidad de Belgrano<\/span>\n\t\t\t\t\t\t\t\t\t<\/li>\n\t\t\t\t\t\t<\/ul>\n\t\t\t\t\t\t<\/div>\n\t\t\t\t<\/div>\n\t\t\t\t<div class=\"elementor-element elementor-element-956343d elementor-widget elementor-widget-text-editor\" data-id=\"956343d\" data-element_type=\"widget\" data-widget_type=\"text-editor.default\">\n\t\t\t\t<div class=\"elementor-widget-container\">\n\t\t\t\t\t\t\t\t\t<p>Certificado en Neuronet, Fast Forword y Mind Brain and Education.<\/p>\t\t\t\t\t\t\t\t<\/div>\n\t\t\t\t<\/div>\n\t\t\t\t\t<\/div>\n\t\t<\/div>\n\t\t\t\t<div class=\"elementor-column elementor-col-50 elementor-top-column elementor-element elementor-element-1d5dfa6\" data-id=\"1d5dfa6\" data-element_type=\"column\">\n\t\t\t<div class=\"elementor-widget-wrap elementor-element-populated\">\n\t\t\t\t\t\t<div class=\"elementor-element elementor-element-49e6f5e elementor-widget elementor-widget-image\" data-id=\"49e6f5e\" data-element_type=\"widget\" data-widget_type=\"image.default\">\n\t\t\t\t<div class=\"elementor-widget-container\">\n\t\t\t\t\t\t\t\t\t\t\t\t\t\t\t<img decoding=\"async\" width=\"768\" height=\"1150\" src=\"https:\/\/myoptimalchild.com\/wp-content\/uploads\/2022\/01\/Valeria-Fontanals-034-768x1150.jpg\" class=\"attachment-medium_large size-medium_large wp-image-2143\" alt=\"\" srcset=\"https:\/\/myoptimalchild.com\/wp-content\/uploads\/2022\/01\/Valeria-Fontanals-034-768x1150.jpg 768w, https:\/\/myoptimalchild.com\/wp-content\/uploads\/2022\/01\/Valeria-Fontanals-034-200x300.jpg 200w, https:\/\/myoptimalchild.com\/wp-content\/uploads\/2022\/01\/Valeria-Fontanals-034-684x1024.jpg 684w, https:\/\/myoptimalchild.com\/wp-content\/uploads\/2022\/01\/Valeria-Fontanals-034-1025x1536.jpg 1025w, https:\/\/myoptimalchild.com\/wp-content\/uploads\/2022\/01\/Valeria-Fontanals-034-1367x2048.jpg 1367w, https:\/\/myoptimalchild.com\/wp-content\/uploads\/2022\/01\/Valeria-Fontanals-034-8x12.jpg 8w, https:\/\/myoptimalchild.com\/wp-content\/uploads\/2022\/01\/Valeria-Fontanals-034-scaled.jpg 1709w\" sizes=\"(max-width: 768px) 100vw, 768px\" \/>\t\t\t\t\t\t\t\t\t\t\t\t\t\t\t<\/div>\n\t\t\t\t<\/div>\n\t\t\t\t\t<\/div>\n\t\t<\/div>\n\t\t\t\t\t<\/div>\n\t\t<\/section>\n\t\t\t\t<section class=\"elementor-section elementor-top-section elementor-element elementor-element-9e2d3e5 elementor-section-boxed elementor-section-height-default elementor-section-height-default\" data-id=\"9e2d3e5\" data-element_type=\"section\">\n\t\t\t\t\t\t<div class=\"elementor-container elementor-column-gap-default\">\n\t\t\t\t\t<div class=\"elementor-column elementor-col-100 elementor-top-column elementor-element elementor-element-2e1996f\" data-id=\"2e1996f\" data-element_type=\"column\">\n\t\t\t<div class=\"elementor-widget-wrap elementor-element-populated\">\n\t\t\t\t\t\t<div class=\"elementor-element elementor-element-feed6cc elementor-widget elementor-widget-spacer\" data-id=\"feed6cc\" data-element_type=\"widget\" data-widget_type=\"spacer.default\">\n\t\t\t\t<div class=\"elementor-widget-container\">\n\t\t\t\t\t\t\t<div class=\"elementor-spacer\">\n\t\t\t<div class=\"elementor-spacer-inner\"><\/div>\n\t\t<\/div>\n\t\t\t\t\t\t<\/div>\n\t\t\t\t<\/div>\n\t\t\t\t\t<\/div>\n\t\t<\/div>\n\t\t\t\t\t<\/div>\n\t\t<\/section>\n\t\t\t\t<section class=\"elementor-section elementor-top-section elementor-element elementor-element-ab9b823 elementor-section-boxed elementor-section-height-default elementor-section-height-default\" data-id=\"ab9b823\" data-element_type=\"section\">\n\t\t\t\t\t\t<div class=\"elementor-container elementor-column-gap-default\">\n\t\t\t\t\t<div class=\"elementor-column elementor-col-100 elementor-top-column elementor-element elementor-element-bc73f77\" data-id=\"bc73f77\" data-element_type=\"column\">\n\t\t\t<div class=\"elementor-widget-wrap elementor-element-populated\">\n\t\t\t\t\t\t<div class=\"elementor-element elementor-element-62a8c77 elementor-widget elementor-widget-heading\" data-id=\"62a8c77\" data-element_type=\"widget\" data-widget_type=\"heading.default\">\n\t\t\t\t<div class=\"elementor-widget-container\">\n\t\t\t\t\t<h2 class=\"elementor-heading-title elementor-size-default\">PRESENTADO EN:<\/h2>\t\t\t\t<\/div>\n\t\t\t\t<\/div>\n\t\t\t\t<div class=\"elementor-element elementor-element-e8dab8a elementor-widget__width-initial elementor-arrows-position-outside elementor-pagination-position-outside elementor-widget elementor-widget-image-carousel\" data-id=\"e8dab8a\" data-element_type=\"widget\" data-settings=\"{&quot;slides_to_show&quot;:&quot;2&quot;,&quot;autoplay_speed&quot;:2000,&quot;slides_to_scroll&quot;:&quot;1&quot;,&quot;navigation&quot;:&quot;both&quot;,&quot;autoplay&quot;:&quot;yes&quot;,&quot;pause_on_hover&quot;:&quot;yes&quot;,&quot;pause_on_interaction&quot;:&quot;yes&quot;,&quot;infinite&quot;:&quot;yes&quot;,&quot;speed&quot;:500}\" data-widget_type=\"image-carousel.default\">\n\t\t\t\t<div class=\"elementor-widget-container\">\n\t\t\t\t\t\t\t<div class=\"elementor-image-carousel-wrapper swiper\" role=\"region\" aria-roledescription=\"carousel\" aria-label=\"Carrusel de im\u00e1genes\" dir=\"ltr\">\n\t\t\t<div class=\"elementor-image-carousel swiper-wrapper\" aria-live=\"off\">\n\t\t\t\t\t\t\t\t<div class=\"swiper-slide\" role=\"group\" aria-roledescription=\"slide\" aria-label=\"1 de 5\"><figure class=\"swiper-slide-inner\"><img decoding=\"async\" class=\"swiper-slide-image\" src=\"https:\/\/myoptimalchild.com\/wp-content\/uploads\/2022\/08\/ed-magazine-removebg-preview-300x200.png\" alt=\"ed-magazine-removebg-preview\" \/><\/figure><\/div><div class=\"swiper-slide\" role=\"group\" aria-roledescription=\"slide\" aria-label=\"2 de 5\"><figure class=\"swiper-slide-inner\"><img decoding=\"async\" class=\"swiper-slide-image\" src=\"https:\/\/myoptimalchild.com\/wp-content\/uploads\/2022\/08\/miami-herald.png\" alt=\"miami herald\" \/><\/figure><\/div><div class=\"swiper-slide\" role=\"group\" aria-roledescription=\"slide\" aria-label=\"3 de 5\"><figure class=\"swiper-slide-inner\"><img decoding=\"async\" class=\"swiper-slide-image\" src=\"https:\/\/myoptimalchild.com\/wp-content\/uploads\/2022\/08\/cnn-282163.jpg\" alt=\"cnn-282163\" \/><\/figure><\/div><div class=\"swiper-slide\" role=\"group\" aria-roledescription=\"slide\" aria-label=\"4 de 5\"><figure class=\"swiper-slide-inner\"><img decoding=\"async\" class=\"swiper-slide-image\" src=\"https:\/\/myoptimalchild.com\/wp-content\/uploads\/2022\/08\/Beijing-kids-logo.jpg\" alt=\"Beijing-kids-logo\" \/><\/figure><\/div><div class=\"swiper-slide\" role=\"group\" aria-roledescription=\"slide\" aria-label=\"5 de 5\"><figure class=\"swiper-slide-inner\"><img decoding=\"async\" class=\"swiper-slide-image\" src=\"https:\/\/myoptimalchild.com\/wp-content\/uploads\/2022\/08\/voyagemia-logo-3-300x250.jpg\" alt=\"voyagemia-logo\" \/><\/figure><\/div>\t\t\t<\/div>\n\t\t\t\t\t\t\t\t\t\t\t\t<div class=\"elementor-swiper-button elementor-swiper-button-prev\" role=\"button\" tabindex=\"0\">\n\t\t\t\t\t\t<i aria-hidden=\"true\" class=\"eicon-chevron-left\"><\/i>\t\t\t\t\t<\/div>\n\t\t\t\t\t<div class=\"elementor-swiper-button elementor-swiper-button-next\" role=\"button\" tabindex=\"0\">\n\t\t\t\t\t\t<i aria-hidden=\"true\" class=\"eicon-chevron-right\"><\/i>\t\t\t\t\t<\/div>\n\t\t\t\t\n\t\t\t\t\t\t\t\t\t<div class=\"swiper-pagination\"><\/div>\n\t\t\t\t\t\t\t\t\t<\/div>\n\t\t\t\t\t\t<\/div>\n\t\t\t\t<\/div>\n\t\t\t\t\t<\/div>\n\t\t<\/div>\n\t\t\t\t\t<\/div>\n\t\t<\/section>\n\t\t\t\t<\/div>","protected":false},"excerpt":{"rendered":"<p>Founder Hi, I&#8217;m Valeria Fontanals &#8211; a Harvard-educated, Licensed School Psychologist, award-winning learning expert. In the last 20 years of my clinical experience, I have been helping children to optimize their learning, to become the best version of themselves, and succeed in school and in life. With a whole-child and holistic approach, I am specialized [&hellip;]<\/p>","protected":false},"author":1,"featured_media":0,"parent":0,"menu_order":0,"comment_status":"closed","ping_status":"closed","template":"","meta":{"footnotes":""},"class_list":["post-19","page","type-page","status-publish","hentry"],"yoast_head":"<!-- This site is optimized with the Yoast SEO plugin v26.9 - https:\/\/yoast.com\/product\/yoast-seo-wordpress\/ -->\n<title>Valeria Fontanals, Founder of My Optimal Child.<\/title>\n<meta name=\"description\" content=\"Harvard educated learning expert, specialized in mind brain and education, learning disorders, ADHD and twice exceptionalities. Psychological and educational services, through a personalized approach we help your children to become the best version of themselves.\" \/>\n<meta name=\"robots\" content=\"index, follow, max-snippet:-1, max-image-preview:large, max-video-preview:-1\" \/>\n<link rel=\"canonical\" href=\"https:\/\/myoptimalchild.com\/es\/valeria-fontanals-2\/\" \/>\n<meta property=\"og:locale\" content=\"es_ES\" \/>\n<meta property=\"og:type\" content=\"article\" \/>\n<meta property=\"og:title\" content=\"Valeria Fontanals, Founder of My Optimal Child.\" \/>\n<meta property=\"og:description\" content=\"Harvard educated learning expert, specialized in mind brain and education, learning disorders, ADHD and twice exceptionalities. Psychological and educational services, through a personalized approach we help your children to become the best version of themselves.\" \/>\n<meta property=\"og:url\" content=\"https:\/\/myoptimalchild.com\/es\/valeria-fontanals-2\/\" \/>\n<meta property=\"og:site_name\" content=\"My Optimal Child\" \/>\n<meta property=\"article:modified_time\" content=\"2022-08-25T19:20:50+00:00\" \/>\n<meta property=\"og:image\" content=\"https:\/\/myoptimalchild.com\/wp-content\/uploads\/2020\/02\/founder.jpg\" \/>\n<meta name=\"twitter:card\" content=\"summary_large_image\" \/>\n<meta name=\"twitter:label1\" content=\"Tiempo de lectura\" \/>\n\t<meta name=\"twitter:data1\" content=\"2 minutos\" \/>\n<script type=\"application\/ld+json\" class=\"yoast-schema-graph\">{\"@context\":\"https:\/\/schema.org\",\"@graph\":[{\"@type\":\"WebPage\",\"@id\":\"https:\/\/myoptimalchild.com\/en\/valeria-fontanals-2\/\",\"url\":\"https:\/\/myoptimalchild.com\/en\/valeria-fontanals-2\/\",\"name\":\"Valeria Fontanals, Founder of My Optimal Child.\",\"isPartOf\":{\"@id\":\"https:\/\/myoptimalchild.com\/en\/#website\"},\"primaryImageOfPage\":{\"@id\":\"https:\/\/myoptimalchild.com\/en\/valeria-fontanals-2\/#primaryimage\"},\"image\":{\"@id\":\"https:\/\/myoptimalchild.com\/en\/valeria-fontanals-2\/#primaryimage\"},\"thumbnailUrl\":\"https:\/\/myoptimalchild.com\/wp-content\/uploads\/2020\/02\/founder.jpg\",\"datePublished\":\"2019-12-07T13:21:13+00:00\",\"dateModified\":\"2022-08-25T19:20:50+00:00\",\"description\":\"Harvard educated learning expert, specialized in mind brain and education, learning disorders, ADHD and twice exceptionalities. Psychological and educational services, through a personalized approach we help your children to become the best version of themselves.\",\"breadcrumb\":{\"@id\":\"https:\/\/myoptimalchild.com\/en\/valeria-fontanals-2\/#breadcrumb\"},\"inLanguage\":\"es\",\"potentialAction\":[{\"@type\":\"ReadAction\",\"target\":[\"https:\/\/myoptimalchild.com\/en\/valeria-fontanals-2\/\"]}]},{\"@type\":\"ImageObject\",\"inLanguage\":\"es\",\"@id\":\"https:\/\/myoptimalchild.com\/en\/valeria-fontanals-2\/#primaryimage\",\"url\":\"https:\/\/myoptimalchild.com\/wp-content\/uploads\/2020\/02\/founder.jpg\",\"contentUrl\":\"https:\/\/myoptimalchild.com\/wp-content\/uploads\/2020\/02\/founder.jpg\"},{\"@type\":\"BreadcrumbList\",\"@id\":\"https:\/\/myoptimalchild.com\/en\/valeria-fontanals-2\/#breadcrumb\",\"itemListElement\":[{\"@type\":\"ListItem\",\"position\":1,\"name\":\"Home\",\"item\":\"https:\/\/myoptimalchild.com\/en\/\"},{\"@type\":\"ListItem\",\"position\":2,\"name\":\"FOUNDER\"}]},{\"@type\":\"WebSite\",\"@id\":\"https:\/\/myoptimalchild.com\/en\/#website\",\"url\":\"https:\/\/myoptimalchild.com\/en\/\",\"name\":\"My Optimal Child\",\"description\":\"we help children with diverse learning profiles to optimize their learning\",\"publisher\":{\"@id\":\"https:\/\/myoptimalchild.com\/en\/#\/schema\/person\/b4ea1d2ce623d93b0eb4f863bafba08a\"},\"potentialAction\":[{\"@type\":\"SearchAction\",\"target\":{\"@type\":\"EntryPoint\",\"urlTemplate\":\"https:\/\/myoptimalchild.com\/en\/?s={search_term_string}\"},\"query-input\":{\"@type\":\"PropertyValueSpecification\",\"valueRequired\":true,\"valueName\":\"search_term_string\"}}],\"inLanguage\":\"es\"},{\"@type\":[\"Person\",\"Organization\"],\"@id\":\"https:\/\/myoptimalchild.com\/en\/#\/schema\/person\/b4ea1d2ce623d93b0eb4f863bafba08a\",\"name\":\"valfontanals\",\"image\":{\"@type\":\"ImageObject\",\"inLanguage\":\"es\",\"@id\":\"https:\/\/myoptimalchild.com\/en\/#\/schema\/person\/image\/\",\"url\":\"https:\/\/myoptimalchild.com\/wp-content\/uploads\/2020\/08\/Valeria-1.png\",\"contentUrl\":\"https:\/\/myoptimalchild.com\/wp-content\/uploads\/2020\/08\/Valeria-1.png\",\"width\":328,\"height\":393,\"caption\":\"valfontanals\"},\"logo\":{\"@id\":\"https:\/\/myoptimalchild.com\/en\/#\/schema\/person\/image\/\"}}]}<\/script>\n<!-- \/ Yoast SEO plugin. -->","yoast_head_json":{"title":"Valeria Fontanals, Founder of My Optimal Child.","description":"Harvard educated learning expert, specialized in mind brain and education, learning disorders, ADHD and twice exceptionalities. Psychological and educational services, through a personalized approach we help your children to become the best version of themselves.","robots":{"index":"index","follow":"follow","max-snippet":"max-snippet:-1","max-image-preview":"max-image-preview:large","max-video-preview":"max-video-preview:-1"},"canonical":"https:\/\/myoptimalchild.com\/es\/valeria-fontanals-2\/","og_locale":"es_ES","og_type":"article","og_title":"Valeria Fontanals, Founder of My Optimal Child.","og_description":"Harvard educated learning expert, specialized in mind brain and education, learning disorders, ADHD and twice exceptionalities. Psychological and educational services, through a personalized approach we help your children to become the best version of themselves.","og_url":"https:\/\/myoptimalchild.com\/es\/valeria-fontanals-2\/","og_site_name":"My Optimal Child","article_modified_time":"2022-08-25T19:20:50+00:00","og_image":[{"url":"https:\/\/myoptimalchild.com\/wp-content\/uploads\/2020\/02\/founder.jpg","type":"","width":"","height":""}],"twitter_card":"summary_large_image","twitter_misc":{"Tiempo de lectura":"2 minutos"},"schema":{"@context":"https:\/\/schema.org","@graph":[{"@type":"WebPage","@id":"https:\/\/myoptimalchild.com\/en\/valeria-fontanals-2\/","url":"https:\/\/myoptimalchild.com\/en\/valeria-fontanals-2\/","name":"Valeria Fontanals, Founder of My Optimal Child.","isPartOf":{"@id":"https:\/\/myoptimalchild.com\/en\/#website"},"primaryImageOfPage":{"@id":"https:\/\/myoptimalchild.com\/en\/valeria-fontanals-2\/#primaryimage"},"image":{"@id":"https:\/\/myoptimalchild.com\/en\/valeria-fontanals-2\/#primaryimage"},"thumbnailUrl":"https:\/\/myoptimalchild.com\/wp-content\/uploads\/2020\/02\/founder.jpg","datePublished":"2019-12-07T13:21:13+00:00","dateModified":"2022-08-25T19:20:50+00:00","description":"Harvard educated learning expert, specialized in mind brain and education, learning disorders, ADHD and twice exceptionalities. Psychological and educational services, through a personalized approach we help your children to become the best version of themselves.","breadcrumb":{"@id":"https:\/\/myoptimalchild.com\/en\/valeria-fontanals-2\/#breadcrumb"},"inLanguage":"es","potentialAction":[{"@type":"ReadAction","target":["https:\/\/myoptimalchild.com\/en\/valeria-fontanals-2\/"]}]},{"@type":"ImageObject","inLanguage":"es","@id":"https:\/\/myoptimalchild.com\/en\/valeria-fontanals-2\/#primaryimage","url":"https:\/\/myoptimalchild.com\/wp-content\/uploads\/2020\/02\/founder.jpg","contentUrl":"https:\/\/myoptimalchild.com\/wp-content\/uploads\/2020\/02\/founder.jpg"},{"@type":"BreadcrumbList","@id":"https:\/\/myoptimalchild.com\/en\/valeria-fontanals-2\/#breadcrumb","itemListElement":[{"@type":"ListItem","position":1,"name":"Home","item":"https:\/\/myoptimalchild.com\/en\/"},{"@type":"ListItem","position":2,"name":"FOUNDER"}]},{"@type":"WebSite","@id":"https:\/\/myoptimalchild.com\/en\/#website","url":"https:\/\/myoptimalchild.com\/en\/","name":"My Optimal Child","description":"we help children with diverse learning profiles to optimize their learning","publisher":{"@id":"https:\/\/myoptimalchild.com\/en\/#\/schema\/person\/b4ea1d2ce623d93b0eb4f863bafba08a"},"potentialAction":[{"@type":"SearchAction","target":{"@type":"EntryPoint","urlTemplate":"https:\/\/myoptimalchild.com\/en\/?s={search_term_string}"},"query-input":{"@type":"PropertyValueSpecification","valueRequired":true,"valueName":"search_term_string"}}],"inLanguage":"es"},{"@type":["Person","Organization"],"@id":"https:\/\/myoptimalchild.com\/en\/#\/schema\/person\/b4ea1d2ce623d93b0eb4f863bafba08a","name":"valfontanals","image":{"@type":"ImageObject","inLanguage":"es","@id":"https:\/\/myoptimalchild.com\/en\/#\/schema\/person\/image\/","url":"https:\/\/myoptimalchild.com\/wp-content\/uploads\/2020\/08\/Valeria-1.png","contentUrl":"https:\/\/myoptimalchild.com\/wp-content\/uploads\/2020\/08\/Valeria-1.png","width":328,"height":393,"caption":"valfontanals"},"logo":{"@id":"https:\/\/myoptimalchild.com\/en\/#\/schema\/person\/image\/"}}]}},"_links":{"self":[{"href":"https:\/\/myoptimalchild.com\/es\/wp-json\/wp\/v2\/pages\/19","targetHints":{"allow":["GET"]}}],"collection":[{"href":"https:\/\/myoptimalchild.com\/es\/wp-json\/wp\/v2\/pages"}],"about":[{"href":"https:\/\/myoptimalchild.com\/es\/wp-json\/wp\/v2\/types\/page"}],"author":[{"embeddable":true,"href":"https:\/\/myoptimalchild.com\/es\/wp-json\/wp\/v2\/users\/1"}],"replies":[{"embeddable":true,"href":"https:\/\/myoptimalchild.com\/es\/wp-json\/wp\/v2\/comments?post=19"}],"version-history":[{"count":5,"href":"https:\/\/myoptimalchild.com\/es\/wp-json\/wp\/v2\/pages\/19\/revisions"}],"predecessor-version":[{"id":2838,"href":"https:\/\/myoptimalchild.com\/es\/wp-json\/wp\/v2\/pages\/19\/revisions\/2838"}],"wp:attachment":[{"href":"https:\/\/myoptimalchild.com\/es\/wp-json\/wp\/v2\/media?parent=19"}],"curies":[{"name":"wp","href":"https:\/\/api.w.org\/{rel}","templated":true}]}}