{"id":1380,"date":"2020-09-22T00:11:12","date_gmt":"2020-09-22T00:11:12","guid":{"rendered":"https:\/\/myoptimalchild.com\/?page_id=1380"},"modified":"2020-09-22T00:21:34","modified_gmt":"2020-09-22T00:21:34","slug":"services","status":"publish","type":"page","link":"https:\/\/myoptimalchild.com\/es\/services\/","title":{"rendered":"SERVICIOS"},"content":{"rendered":"<div data-elementor-type=\"wp-page\" data-elementor-id=\"1380\" class=\"elementor elementor-1380\" data-elementor-post-type=\"page\">\n\t\t\t\t\t\t<section class=\"elementor-section elementor-top-section elementor-element elementor-element-c1e72c2 elementor-section-boxed elementor-section-height-default elementor-section-height-default\" data-id=\"c1e72c2\" data-element_type=\"section\">\n\t\t\t\t\t\t<div class=\"elementor-container elementor-column-gap-default\">\n\t\t\t\t\t<div class=\"elementor-column elementor-col-100 elementor-top-column elementor-element elementor-element-beb29fb\" data-id=\"beb29fb\" data-element_type=\"column\">\n\t\t\t<div class=\"elementor-widget-wrap elementor-element-populated\">\n\t\t\t\t\t\t<div class=\"elementor-element elementor-element-f42b4d1 elementor-widget elementor-widget-heading\" data-id=\"f42b4d1\" data-element_type=\"widget\" data-widget_type=\"heading.default\">\n\t\t\t\t<div class=\"elementor-widget-container\">\n\t\t\t\t\t<h1 class=\"elementor-heading-title elementor-size-default\">OUR SERVICES<\/h1>\t\t\t\t<\/div>\n\t\t\t\t<\/div>\n\t\t\t\t\t<\/div>\n\t\t<\/div>\n\t\t\t\t\t<\/div>\n\t\t<\/section>\n\t\t\t\t<section class=\"elementor-section elementor-top-section elementor-element elementor-element-ed81ed4 elementor-section-boxed elementor-section-height-default elementor-section-height-default\" data-id=\"ed81ed4\" data-element_type=\"section\">\n\t\t\t\t\t\t<div class=\"elementor-container elementor-column-gap-default\">\n\t\t\t\t\t<div class=\"elementor-column elementor-col-50 elementor-top-column elementor-element elementor-element-8369a73\" data-id=\"8369a73\" data-element_type=\"column\">\n\t\t\t<div class=\"elementor-widget-wrap elementor-element-populated\">\n\t\t\t\t\t\t<div class=\"elementor-element elementor-element-cd23d54 elementor-widget elementor-widget-image\" data-id=\"cd23d54\" data-element_type=\"widget\" data-widget_type=\"image.default\">\n\t\t\t\t<div class=\"elementor-widget-container\">\n\t\t\t\t\t\t\t\t\t\t\t\t\t\t\t\t<a href=\"https:\/\/myoptimalchild.com\/es\/assessments\/\">\n\t\t\t\t\t\t\t<img fetchpriority=\"high\" decoding=\"async\" width=\"300\" height=\"300\" src=\"https:\/\/myoptimalchild.com\/wp-content\/uploads\/2020\/09\/1-3-300x300.png\" class=\"attachment-medium size-medium wp-image-1381\" alt=\"\" srcset=\"https:\/\/myoptimalchild.com\/wp-content\/uploads\/2020\/09\/1-3-300x300.png 300w, https:\/\/myoptimalchild.com\/wp-content\/uploads\/2020\/09\/1-3-1024x1024.png 1024w, https:\/\/myoptimalchild.com\/wp-content\/uploads\/2020\/09\/1-3-150x150.png 150w, https:\/\/myoptimalchild.com\/wp-content\/uploads\/2020\/09\/1-3-768x768.png 768w, https:\/\/myoptimalchild.com\/wp-content\/uploads\/2020\/09\/1-3.png 1080w\" sizes=\"(max-width: 300px) 100vw, 300px\" \/>\t\t\t\t\t\t\t\t<\/a>\n\t\t\t\t\t\t\t\t\t\t\t\t\t\t\t<\/div>\n\t\t\t\t<\/div>\n\t\t\t\t<div class=\"elementor-element elementor-element-a5d0a21 elementor-widget elementor-widget-text-editor\" data-id=\"a5d0a21\" data-element_type=\"widget\" data-widget_type=\"text-editor.default\">\n\t\t\t\t<div class=\"elementor-widget-container\">\n\t\t\t\t\t\t\t\t\t<p>La evaluaci\u00f3n se realiza en una plataforma online, consentimiento HIPPA, es decir, que es totalmente privada. Su hijo deber\u00e1 ser colocado en una habitaci\u00f3n tranquila sin distracciones. Nos tomamos el tiempo que su hijo necesita para completar todas las tareas. La mayor\u00eda de los materiales de prueba est\u00e1n en l\u00ednea, pero tambi\u00e9n enviaremos una caja peque\u00f1a con algunos materiales pr\u00e1cticos para la evaluaci\u00f3n.<\/p>\t\t\t\t\t\t\t\t<\/div>\n\t\t\t\t<\/div>\n\t\t\t\t\t<\/div>\n\t\t<\/div>\n\t\t\t\t<div class=\"elementor-column elementor-col-50 elementor-top-column elementor-element elementor-element-ec76930\" data-id=\"ec76930\" data-element_type=\"column\">\n\t\t\t<div class=\"elementor-widget-wrap elementor-element-populated\">\n\t\t\t\t\t\t<div class=\"elementor-element elementor-element-1a99d15 elementor-widget elementor-widget-image\" data-id=\"1a99d15\" data-element_type=\"widget\" data-widget_type=\"image.default\">\n\t\t\t\t<div class=\"elementor-widget-container\">\n\t\t\t\t\t\t\t\t\t\t\t\t\t\t\t\t<a href=\"https:\/\/myoptimalchild.com\/es\/educational-therapy\/\">\n\t\t\t\t\t\t\t<img decoding=\"async\" width=\"300\" height=\"300\" src=\"https:\/\/myoptimalchild.com\/wp-content\/uploads\/2020\/09\/2-3-300x300.png\" class=\"attachment-medium size-medium wp-image-1382\" alt=\"\" srcset=\"https:\/\/myoptimalchild.com\/wp-content\/uploads\/2020\/09\/2-3-300x300.png 300w, https:\/\/myoptimalchild.com\/wp-content\/uploads\/2020\/09\/2-3-1024x1024.png 1024w, https:\/\/myoptimalchild.com\/wp-content\/uploads\/2020\/09\/2-3-150x150.png 150w, https:\/\/myoptimalchild.com\/wp-content\/uploads\/2020\/09\/2-3-768x768.png 768w, https:\/\/myoptimalchild.com\/wp-content\/uploads\/2020\/09\/2-3.png 1080w\" sizes=\"(max-width: 300px) 100vw, 300px\" \/>\t\t\t\t\t\t\t\t<\/a>\n\t\t\t\t\t\t\t\t\t\t\t\t\t\t\t<\/div>\n\t\t\t\t<\/div>\n\t\t\t\t<div class=\"elementor-element elementor-element-e568fbc elementor-widget elementor-widget-text-editor\" data-id=\"e568fbc\" data-element_type=\"widget\" data-widget_type=\"text-editor.default\">\n\t\t\t\t<div class=\"elementor-widget-container\">\n\t\t\t\t\t\t\t\t\t<p>Es un apoyo individualizado para ni\u00f1os con diferencias de aprendizaje, utilizando su conocimiento de los aspectos emocionales, sociales, neurol\u00f3gicos, acad\u00e9micos y conductuales del aprendizaje.<\/p><p>Por lo general, trabajamos con ni\u00f1os que tienen dificultades en la escuela y que pueden haber sido diagnosticados con TDAH, trastorno del espectro autista, dislexia o que experimentan deficiencias en el funcionamiento ejecutivo o dificultades en las \u00e1reas de procesamiento del lenguaje, visual y auditivo.<\/p>\t\t\t\t\t\t\t\t<\/div>\n\t\t\t\t<\/div>\n\t\t\t\t\t<\/div>\n\t\t<\/div>\n\t\t\t\t\t<\/div>\n\t\t<\/section>\n\t\t\t\t<section class=\"elementor-section elementor-top-section elementor-element elementor-element-5bd2700 elementor-section-boxed elementor-section-height-default elementor-section-height-default\" data-id=\"5bd2700\" data-element_type=\"section\">\n\t\t\t\t\t\t<div class=\"elementor-container elementor-column-gap-default\">\n\t\t\t\t\t<div class=\"elementor-column elementor-col-50 elementor-top-column elementor-element elementor-element-84243ec\" data-id=\"84243ec\" data-element_type=\"column\">\n\t\t\t<div class=\"elementor-widget-wrap elementor-element-populated\">\n\t\t\t\t\t\t<div class=\"elementor-element elementor-element-740b071 elementor-widget elementor-widget-image\" data-id=\"740b071\" data-element_type=\"widget\" data-widget_type=\"image.default\">\n\t\t\t\t<div class=\"elementor-widget-container\">\n\t\t\t\t\t\t\t\t\t\t\t\t\t\t\t\t<a href=\"https:\/\/myoptimalchild.com\/es\/online-brain-training-for-children\/\">\n\t\t\t\t\t\t\t<img decoding=\"async\" width=\"300\" height=\"300\" src=\"https:\/\/myoptimalchild.com\/wp-content\/uploads\/2020\/09\/3-3-300x300.png\" class=\"attachment-medium size-medium wp-image-1383\" alt=\"\" srcset=\"https:\/\/myoptimalchild.com\/wp-content\/uploads\/2020\/09\/3-3-300x300.png 300w, https:\/\/myoptimalchild.com\/wp-content\/uploads\/2020\/09\/3-3-1024x1024.png 1024w, https:\/\/myoptimalchild.com\/wp-content\/uploads\/2020\/09\/3-3-150x150.png 150w, https:\/\/myoptimalchild.com\/wp-content\/uploads\/2020\/09\/3-3-768x768.png 768w, https:\/\/myoptimalchild.com\/wp-content\/uploads\/2020\/09\/3-3.png 1080w\" sizes=\"(max-width: 300px) 100vw, 300px\" \/>\t\t\t\t\t\t\t\t<\/a>\n\t\t\t\t\t\t\t\t\t\t\t\t\t\t\t<\/div>\n\t\t\t\t<\/div>\n\t\t\t\t<div class=\"elementor-element elementor-element-00cb640 elementor-widget elementor-widget-text-editor\" data-id=\"00cb640\" data-element_type=\"widget\" data-widget_type=\"text-editor.default\">\n\t\t\t\t<div class=\"elementor-widget-container\">\n\t\t\t\t\t\t\t\t\t<p>NUESTROS MEJORES PROGRAMAS DE ENTRENAMIENTO CEREBRAL EN EL HOGAR PARA NI\u00d1OS DE 4 A 17 A\u00d1OS<\/p>\t\t\t\t\t\t\t\t<\/div>\n\t\t\t\t<\/div>\n\t\t\t\t\t<\/div>\n\t\t<\/div>\n\t\t\t\t<div class=\"elementor-column elementor-col-50 elementor-top-column elementor-element elementor-element-9b667a8\" data-id=\"9b667a8\" data-element_type=\"column\">\n\t\t\t<div class=\"elementor-widget-wrap elementor-element-populated\">\n\t\t\t\t\t\t<div class=\"elementor-element elementor-element-392d87c elementor-widget elementor-widget-image\" data-id=\"392d87c\" data-element_type=\"widget\" data-widget_type=\"image.default\">\n\t\t\t\t<div class=\"elementor-widget-container\">\n\t\t\t\t\t\t\t\t\t\t\t\t\t\t\t\t<a href=\"https:\/\/myoptimalchild.com\/es\/parent-support\/\">\n\t\t\t\t\t\t\t<img loading=\"lazy\" decoding=\"async\" width=\"300\" height=\"300\" src=\"https:\/\/myoptimalchild.com\/wp-content\/uploads\/2020\/09\/4-3-300x300.png\" class=\"attachment-medium size-medium wp-image-1384\" alt=\"\" srcset=\"https:\/\/myoptimalchild.com\/wp-content\/uploads\/2020\/09\/4-3-300x300.png 300w, https:\/\/myoptimalchild.com\/wp-content\/uploads\/2020\/09\/4-3-1024x1024.png 1024w, https:\/\/myoptimalchild.com\/wp-content\/uploads\/2020\/09\/4-3-150x150.png 150w, https:\/\/myoptimalchild.com\/wp-content\/uploads\/2020\/09\/4-3-768x768.png 768w, https:\/\/myoptimalchild.com\/wp-content\/uploads\/2020\/09\/4-3.png 1080w\" sizes=\"(max-width: 300px) 100vw, 300px\" \/>\t\t\t\t\t\t\t\t<\/a>\n\t\t\t\t\t\t\t\t\t\t\t\t\t\t\t<\/div>\n\t\t\t\t<\/div>\n\t\t\t\t<div class=\"elementor-element elementor-element-c19146a elementor-widget elementor-widget-text-editor\" data-id=\"c19146a\" data-element_type=\"widget\" data-widget_type=\"text-editor.default\">\n\t\t\t\t<div class=\"elementor-widget-container\">\n\t\t\t\t\t\t\t\t\t<p>Todos sabemos que la crianza de los hijos puede ser dif\u00edcil. Ahora agregue a su vida un ni\u00f1o que necesita apoyo adicional.<\/p><p>Puede terminar exhausto, abrumado y con el coraz\u00f3n roto.<\/p><p>\u00a1No estas solo!<\/p>\t\t\t\t\t\t\t\t<\/div>\n\t\t\t\t<\/div>\n\t\t\t\t\t<\/div>\n\t\t<\/div>\n\t\t\t\t\t<\/div>\n\t\t<\/section>\n\t\t\t\t<\/div>","protected":false},"excerpt":{"rendered":"<p>OUR SERVICES The assessment takes place in an online platform, HIPPA consent, which means, that is totally private. Your child will need to be placed in a quiet room with no distractions. We take the time your child needs to complete all tasks. Most of the testing materials are online, but we will also ship [&hellip;]<\/p>","protected":false},"author":1,"featured_media":0,"parent":0,"menu_order":0,"comment_status":"closed","ping_status":"closed","template":"","meta":{"footnotes":""},"class_list":["post-1380","page","type-page","status-publish","hentry"],"yoast_head":"<!-- This site is optimized with the Yoast SEO plugin v26.9 - https:\/\/yoast.com\/product\/yoast-seo-wordpress\/ -->\n<title>SERVICES - My Optimal Child<\/title>\n<meta name=\"robots\" content=\"index, follow, max-snippet:-1, max-image-preview:large, max-video-preview:-1\" \/>\n<link rel=\"canonical\" href=\"https:\/\/myoptimalchild.com\/es\/services\/\" \/>\n<meta property=\"og:locale\" content=\"es_ES\" \/>\n<meta property=\"og:type\" content=\"article\" \/>\n<meta property=\"og:title\" content=\"SERVICES - My Optimal Child\" \/>\n<meta property=\"og:description\" content=\"OUR SERVICES The assessment takes place in an online platform, HIPPA consent, which means, that is totally private. Your child will need to be placed in a quiet room with no distractions. We take the time your child needs to complete all tasks. Most of the testing materials are online, but we will also ship [&hellip;]\" \/>\n<meta property=\"og:url\" content=\"https:\/\/myoptimalchild.com\/es\/services\/\" \/>\n<meta property=\"og:site_name\" content=\"My Optimal Child\" \/>\n<meta property=\"article:modified_time\" content=\"2020-09-22T00:21:34+00:00\" \/>\n<meta property=\"og:image\" content=\"https:\/\/myoptimalchild.com\/wp-content\/uploads\/2020\/09\/1-3-300x300.png\" \/>\n<meta name=\"twitter:card\" content=\"summary_large_image\" \/>\n<meta name=\"twitter:label1\" content=\"Tiempo de lectura\" \/>\n\t<meta name=\"twitter:data1\" content=\"1 minuto\" \/>\n<script type=\"application\/ld+json\" class=\"yoast-schema-graph\">{\"@context\":\"https:\/\/schema.org\",\"@graph\":[{\"@type\":\"WebPage\",\"@id\":\"https:\/\/myoptimalchild.com\/services\/\",\"url\":\"https:\/\/myoptimalchild.com\/services\/\",\"name\":\"SERVICES - My Optimal Child\",\"isPartOf\":{\"@id\":\"https:\/\/myoptimalchild.com\/en\/#website\"},\"primaryImageOfPage\":{\"@id\":\"https:\/\/myoptimalchild.com\/services\/#primaryimage\"},\"image\":{\"@id\":\"https:\/\/myoptimalchild.com\/services\/#primaryimage\"},\"thumbnailUrl\":\"https:\/\/myoptimalchild.com\/wp-content\/uploads\/2020\/09\/1-3-300x300.png\",\"datePublished\":\"2020-09-22T00:11:12+00:00\",\"dateModified\":\"2020-09-22T00:21:34+00:00\",\"breadcrumb\":{\"@id\":\"https:\/\/myoptimalchild.com\/services\/#breadcrumb\"},\"inLanguage\":\"es\",\"potentialAction\":[{\"@type\":\"ReadAction\",\"target\":[\"https:\/\/myoptimalchild.com\/services\/\"]}]},{\"@type\":\"ImageObject\",\"inLanguage\":\"es\",\"@id\":\"https:\/\/myoptimalchild.com\/services\/#primaryimage\",\"url\":\"https:\/\/myoptimalchild.com\/wp-content\/uploads\/2020\/09\/1-3-300x300.png\",\"contentUrl\":\"https:\/\/myoptimalchild.com\/wp-content\/uploads\/2020\/09\/1-3-300x300.png\"},{\"@type\":\"BreadcrumbList\",\"@id\":\"https:\/\/myoptimalchild.com\/services\/#breadcrumb\",\"itemListElement\":[{\"@type\":\"ListItem\",\"position\":1,\"name\":\"Home\",\"item\":\"https:\/\/myoptimalchild.com\/en\/\"},{\"@type\":\"ListItem\",\"position\":2,\"name\":\"SERVICES\"}]},{\"@type\":\"WebSite\",\"@id\":\"https:\/\/myoptimalchild.com\/en\/#website\",\"url\":\"https:\/\/myoptimalchild.com\/en\/\",\"name\":\"My Optimal Child\",\"description\":\"we help children with diverse learning profiles to optimize their learning\",\"publisher\":{\"@id\":\"https:\/\/myoptimalchild.com\/en\/#\/schema\/person\/b4ea1d2ce623d93b0eb4f863bafba08a\"},\"potentialAction\":[{\"@type\":\"SearchAction\",\"target\":{\"@type\":\"EntryPoint\",\"urlTemplate\":\"https:\/\/myoptimalchild.com\/en\/?s={search_term_string}\"},\"query-input\":{\"@type\":\"PropertyValueSpecification\",\"valueRequired\":true,\"valueName\":\"search_term_string\"}}],\"inLanguage\":\"es\"},{\"@type\":[\"Person\",\"Organization\"],\"@id\":\"https:\/\/myoptimalchild.com\/en\/#\/schema\/person\/b4ea1d2ce623d93b0eb4f863bafba08a\",\"name\":\"valfontanals\",\"image\":{\"@type\":\"ImageObject\",\"inLanguage\":\"es\",\"@id\":\"https:\/\/myoptimalchild.com\/en\/#\/schema\/person\/image\/\",\"url\":\"https:\/\/myoptimalchild.com\/wp-content\/uploads\/2020\/08\/Valeria-1.png\",\"contentUrl\":\"https:\/\/myoptimalchild.com\/wp-content\/uploads\/2020\/08\/Valeria-1.png\",\"width\":328,\"height\":393,\"caption\":\"valfontanals\"},\"logo\":{\"@id\":\"https:\/\/myoptimalchild.com\/en\/#\/schema\/person\/image\/\"}}]}<\/script>\n<!-- \/ Yoast SEO plugin. -->","yoast_head_json":{"title":"SERVICES - My Optimal Child","robots":{"index":"index","follow":"follow","max-snippet":"max-snippet:-1","max-image-preview":"max-image-preview:large","max-video-preview":"max-video-preview:-1"},"canonical":"https:\/\/myoptimalchild.com\/es\/services\/","og_locale":"es_ES","og_type":"article","og_title":"SERVICES - My Optimal Child","og_description":"OUR SERVICES The assessment takes place in an online platform, HIPPA consent, which means, that is totally private. Your child will need to be placed in a quiet room with no distractions. We take the time your child needs to complete all tasks. Most of the testing materials are online, but we will also ship [&hellip;]","og_url":"https:\/\/myoptimalchild.com\/es\/services\/","og_site_name":"My Optimal Child","article_modified_time":"2020-09-22T00:21:34+00:00","og_image":[{"url":"https:\/\/myoptimalchild.com\/wp-content\/uploads\/2020\/09\/1-3-300x300.png","type":"","width":"","height":""}],"twitter_card":"summary_large_image","twitter_misc":{"Tiempo de lectura":"1 minuto"},"schema":{"@context":"https:\/\/schema.org","@graph":[{"@type":"WebPage","@id":"https:\/\/myoptimalchild.com\/services\/","url":"https:\/\/myoptimalchild.com\/services\/","name":"SERVICES - My Optimal Child","isPartOf":{"@id":"https:\/\/myoptimalchild.com\/en\/#website"},"primaryImageOfPage":{"@id":"https:\/\/myoptimalchild.com\/services\/#primaryimage"},"image":{"@id":"https:\/\/myoptimalchild.com\/services\/#primaryimage"},"thumbnailUrl":"https:\/\/myoptimalchild.com\/wp-content\/uploads\/2020\/09\/1-3-300x300.png","datePublished":"2020-09-22T00:11:12+00:00","dateModified":"2020-09-22T00:21:34+00:00","breadcrumb":{"@id":"https:\/\/myoptimalchild.com\/services\/#breadcrumb"},"inLanguage":"es","potentialAction":[{"@type":"ReadAction","target":["https:\/\/myoptimalchild.com\/services\/"]}]},{"@type":"ImageObject","inLanguage":"es","@id":"https:\/\/myoptimalchild.com\/services\/#primaryimage","url":"https:\/\/myoptimalchild.com\/wp-content\/uploads\/2020\/09\/1-3-300x300.png","contentUrl":"https:\/\/myoptimalchild.com\/wp-content\/uploads\/2020\/09\/1-3-300x300.png"},{"@type":"BreadcrumbList","@id":"https:\/\/myoptimalchild.com\/services\/#breadcrumb","itemListElement":[{"@type":"ListItem","position":1,"name":"Home","item":"https:\/\/myoptimalchild.com\/en\/"},{"@type":"ListItem","position":2,"name":"SERVICES"}]},{"@type":"WebSite","@id":"https:\/\/myoptimalchild.com\/en\/#website","url":"https:\/\/myoptimalchild.com\/en\/","name":"My Optimal Child","description":"we help children with diverse learning profiles to optimize their learning","publisher":{"@id":"https:\/\/myoptimalchild.com\/en\/#\/schema\/person\/b4ea1d2ce623d93b0eb4f863bafba08a"},"potentialAction":[{"@type":"SearchAction","target":{"@type":"EntryPoint","urlTemplate":"https:\/\/myoptimalchild.com\/en\/?s={search_term_string}"},"query-input":{"@type":"PropertyValueSpecification","valueRequired":true,"valueName":"search_term_string"}}],"inLanguage":"es"},{"@type":["Person","Organization"],"@id":"https:\/\/myoptimalchild.com\/en\/#\/schema\/person\/b4ea1d2ce623d93b0eb4f863bafba08a","name":"valfontanals","image":{"@type":"ImageObject","inLanguage":"es","@id":"https:\/\/myoptimalchild.com\/en\/#\/schema\/person\/image\/","url":"https:\/\/myoptimalchild.com\/wp-content\/uploads\/2020\/08\/Valeria-1.png","contentUrl":"https:\/\/myoptimalchild.com\/wp-content\/uploads\/2020\/08\/Valeria-1.png","width":328,"height":393,"caption":"valfontanals"},"logo":{"@id":"https:\/\/myoptimalchild.com\/en\/#\/schema\/person\/image\/"}}]}},"_links":{"self":[{"href":"https:\/\/myoptimalchild.com\/es\/wp-json\/wp\/v2\/pages\/1380","targetHints":{"allow":["GET"]}}],"collection":[{"href":"https:\/\/myoptimalchild.com\/es\/wp-json\/wp\/v2\/pages"}],"about":[{"href":"https:\/\/myoptimalchild.com\/es\/wp-json\/wp\/v2\/types\/page"}],"author":[{"embeddable":true,"href":"https:\/\/myoptimalchild.com\/es\/wp-json\/wp\/v2\/users\/1"}],"replies":[{"embeddable":true,"href":"https:\/\/myoptimalchild.com\/es\/wp-json\/wp\/v2\/comments?post=1380"}],"version-history":[{"count":5,"href":"https:\/\/myoptimalchild.com\/es\/wp-json\/wp\/v2\/pages\/1380\/revisions"}],"predecessor-version":[{"id":1390,"href":"https:\/\/myoptimalchild.com\/es\/wp-json\/wp\/v2\/pages\/1380\/revisions\/1390"}],"wp:attachment":[{"href":"https:\/\/myoptimalchild.com\/es\/wp-json\/wp\/v2\/media?parent=1380"}],"curies":[{"name":"wp","href":"https:\/\/api.w.org\/{rel}","templated":true}]}}